{"id":21,"date":"2025-02-19T20:50:06","date_gmt":"2025-02-19T20:50:06","guid":{"rendered":"https:\/\/bairawies.de\/?page_id=21"},"modified":"2025-03-01T11:41:47","modified_gmt":"2025-03-01T11:41:47","slug":"ueber-uns","status":"publish","type":"page","link":"https:\/\/bairawies.de\/?page_id=21","title":{"rendered":"\u00dcber uns"},"content":{"rendered":"\n<h2 class=\"wp-block-heading\">Der Verein BairawiesAktiv!<\/h2>\n\n\n\n<p>Der Verein BairawiesAktiv! wurde am 11. November 2024 gegr\u00fcndet. Einstimmig votierten die 50 Wahlberechtigten, den Verein Bairawies!Aktiv zu nennen. Danach folgte die Vorstandswahl<\/p>\n\n\n\n<p>Als Wahlleiter fungierte Andreas Sander. F\u00fcr die Wahl des dreik\u00f6pfigen Vorstandes wurden folgende Personen vorgeschlagen:<br>F\u00fcr den Vorsitz Wolfgang K\u00f6ster, als stellvertretender Vorsitzender Johannes Heimgreiter, als Kassier Dorothea Selbert und Johannes Seestaller.<\/p>\n\n\n\n<p>Als Vorsitzender und als stellvertretender Vorsitzender wurden die Vorgeschlagenen einstimmig per Akklamation gew\u00e4hlt.<\/p>\n\n\n\n<p>Die Wahl des Schatzmeisters erfolgte durch die 50 Stimmberechtigten in schriftlicher und geheimer Abstimmung.<\/p>\n\n\n\n<p>Die Ausz\u00e4hlung der Stimmen ergab folgendes Ergebnis:<\/p>\n\n\n\n<p>Dorothea Selbert \u2013 22 Stimmen<br>Hans Seestaller \u2013 28 Stimmen<\/p>\n\n\n\n<p>Damit war Herr Hans Seestaller als Schatzmeister gew\u00e4hlt.<\/p>\n\n\n\n<p>Alle gew\u00e4hlten Vorst\u00e4nde nahmen die Wahl an.<\/p>\n\n\n\n<p>Wolfgang K\u00f6ster stellte fest, dass mit Annahme der ausgearbeiteten Satzung der Verein ordnungsgem\u00e4\u00df gegr\u00fcndet ist, dass ihm die Anwesenden und damit mindestens 7 (Gr\u00fcndungs-) Mitglieder angeh\u00f6ren und, dass der aus den Vereinsmitgliedern Wolfgang K\u00f6ster, Hans Heimgreiter und Hans Seestaller bestehende Vorstand satzungsgem\u00e4\u00df bestellt ist.<\/p>\n\n\n\n<p><\/p>\n\n\n\n<figure class=\"wp-block-image size-large\"><img loading=\"lazy\" decoding=\"async\" width=\"1024\" height=\"662\" src=\"http:\/\/bairawies.de\/wp-content\/uploads\/2025\/02\/PXL_20241119_200822705-scaled-e1739998052480-1024x662.jpg\" alt=\"\" class=\"wp-image-23\" srcset=\"https:\/\/bairawies.de\/wp-content\/uploads\/2025\/02\/PXL_20241119_200822705-scaled-e1739998052480-1024x662.jpg 1024w, https:\/\/bairawies.de\/wp-content\/uploads\/2025\/02\/PXL_20241119_200822705-scaled-e1739998052480-300x194.jpg 300w, https:\/\/bairawies.de\/wp-content\/uploads\/2025\/02\/PXL_20241119_200822705-scaled-e1739998052480-768x496.jpg 768w, https:\/\/bairawies.de\/wp-content\/uploads\/2025\/02\/PXL_20241119_200822705-scaled-e1739998052480-1536x993.jpg 1536w, https:\/\/bairawies.de\/wp-content\/uploads\/2025\/02\/PXL_20241119_200822705-scaled-e1739998052480.jpg 1710w\" sizes=\"auto, (max-width: 1024px) 100vw, 1024px\" \/><\/figure>\n\n\n\n<p>Der gew\u00e4hlte Vorstand von links nach rechts:<br>Kassier Johannes Seestaller, Vorstand Wolfgang K\u00f6ster, Stellvertretender Vorstand und Schriftf\u00fchrer Johannes Heimgreiter<\/p>\n\n\n\n<h2 class=\"wp-block-heading\">Mitgliedschaft im Verein<\/h2>\n\n\n\n<p>Die Mitgliedschaft im Verein steht jedermann offen. Der Jahresbeitrag betr\u00e4gt derzeit 24,- \u20ac. Ein Anmeldeformular kann per <a href=\"kassier@bairawies.de\">E-Mail <\/a>an den Verein angefordert werden. <\/p>\n\n\n\n<p><\/p>\n","protected":false},"excerpt":{"rendered":"<p>Der Verein BairawiesAktiv! Der Verein BairawiesAktiv! wurde am 11. November 2024 gegr\u00fcndet. Einstimmig votierten die 50 Wahlberechtigten, den Verein Bairawies!Aktiv zu nennen. Danach folgte die Vorstandswahl Als Wahlleiter fungierte Andreas Sander. F\u00fcr die Wahl des dreik\u00f6pfigen Vorstandes wurden folgende Personen vorgeschlagen:F\u00fcr den Vorsitz Wolfgang K\u00f6ster, als stellvertretender Vorsitzender Johannes Heimgreiter, als Kassier Dorothea Selbert und [&hellip;]<\/p>\n","protected":false},"author":1,"featured_media":0,"parent":0,"menu_order":0,"comment_status":"closed","ping_status":"closed","template":"","meta":{"footnotes":""},"class_list":["post-21","page","type-page","status-publish","hentry"],"_links":{"self":[{"href":"https:\/\/bairawies.de\/index.php?rest_route=\/wp\/v2\/pages\/21","targetHints":{"allow":["GET"]}}],"collection":[{"href":"https:\/\/bairawies.de\/index.php?rest_route=\/wp\/v2\/pages"}],"about":[{"href":"https:\/\/bairawies.de\/index.php?rest_route=\/wp\/v2\/types\/page"}],"author":[{"embeddable":true,"href":"https:\/\/bairawies.de\/index.php?rest_route=\/wp\/v2\/users\/1"}],"replies":[{"embeddable":true,"href":"https:\/\/bairawies.de\/index.php?rest_route=%2Fwp%2Fv2%2Fcomments&post=21"}],"version-history":[{"count":3,"href":"https:\/\/bairawies.de\/index.php?rest_route=\/wp\/v2\/pages\/21\/revisions"}],"predecessor-version":[{"id":56,"href":"https:\/\/bairawies.de\/index.php?rest_route=\/wp\/v2\/pages\/21\/revisions\/56"}],"wp:attachment":[{"href":"https:\/\/bairawies.de\/index.php?rest_route=%2Fwp%2Fv2%2Fmedia&parent=21"}],"curies":[{"name":"wp","href":"https:\/\/api.w.org\/{rel}","templated":true}]}}